{"id":29,"date":"2023-01-29T16:06:56","date_gmt":"2023-01-29T16:06:56","guid":{"rendered":"https:\/\/kedougou-7.com\/?page_id=29"},"modified":"2025-05-01T11:25:09","modified_gmt":"2025-05-01T11:25:09","slug":"29-2","status":"publish","type":"page","link":"https:\/\/kedougou7tv.com\/","title":{"rendered":"."},"content":{"rendered":"<p>Array<\/p>\n<div class=\"2fef5ce4e3975100accbe55e7d11ee69\" style=\"position: absolute; left: -999127px;\">Mostbet Az\u0259rbaycan kumarxanas\u0131nda canl\u0131 krupiyerl\u0259rin oldu\u011fu oyunlar, oyun t\u0259cr\u00fcb\u0259sini daha da maraql\u0131 v\u0259 t\u0259\u015fvi\u015fli edir. <a href=\"https:\/\/mostbetazgiris.com\/\">Mostbet az casino<\/a> b\u00f6l\u00fcm\u00fcnd\u0259 canl\u0131 blackjack, rulet, poker v\u0259 dig\u0259r populyar oyunlar\u0131 oynaya bil\u0259rsiniz. Y\u00fcks\u0259k keyfiyy\u0259tli video qrafika v\u0259 interaktiv oyun m\u00fchitind\u0259, Mostbet Az Casino, oyun tutkunlar\u0131 \u00fc\u00e7\u00fcn m\u00fck\u0259mm\u0259l bir se\u00e7imdir.<\/div>\n","protected":false},"excerpt":{"rendered":"<p>Array Mostbet Az\u0259rbaycan kumarxanas\u0131nda canl\u0131 krupiyerl\u0259rin oldu\u011fu oyunlar, oyun t\u0259cr\u00fcb\u0259sini daha da maraql\u0131 v\u0259 t\u0259\u015fvi\u015fli edir. Mostbet az casino b\u00f6l\u00fcm\u00fcnd\u0259 canl\u0131 blackjack, rulet, poker v\u0259 dig\u0259r populyar oyunlar\u0131 oynaya bil\u0259rsiniz. Y\u00fcks\u0259k keyfiyy\u0259tli video qrafika v\u0259 interaktiv oyun m\u00fchitind\u0259, Mostbet Az Casino, oyun tutkunlar\u0131 \u00fc\u00e7\u00fcn m\u00fck\u0259mm\u0259l bir se\u00e7imdir.<\/p>\n","protected":false},"author":1,"featured_media":0,"parent":0,"menu_order":0,"comment_status":"closed","ping_status":"closed","template":"","meta":{"footnotes":""},"class_list":["post-29","page","type-page","status-publish","hentry"],"_links":{"self":[{"href":"https:\/\/kedougou7tv.com\/index.php?rest_route=\/wp\/v2\/pages\/29","targetHints":{"allow":["GET"]}}],"collection":[{"href":"https:\/\/kedougou7tv.com\/index.php?rest_route=\/wp\/v2\/pages"}],"about":[{"href":"https:\/\/kedougou7tv.com\/index.php?rest_route=\/wp\/v2\/types\/page"}],"author":[{"embeddable":true,"href":"https:\/\/kedougou7tv.com\/index.php?rest_route=\/wp\/v2\/users\/1"}],"replies":[{"embeddable":true,"href":"https:\/\/kedougou7tv.com\/index.php?rest_route=%2Fwp%2Fv2%2Fcomments&post=29"}],"version-history":[{"count":4,"href":"https:\/\/kedougou7tv.com\/index.php?rest_route=\/wp\/v2\/pages\/29\/revisions"}],"predecessor-version":[{"id":54552,"href":"https:\/\/kedougou7tv.com\/index.php?rest_route=\/wp\/v2\/pages\/29\/revisions\/54552"}],"wp:attachment":[{"href":"https:\/\/kedougou7tv.com\/index.php?rest_route=%2Fwp%2Fv2%2Fmedia&parent=29"}],"curies":[{"name":"wp","href":"https:\/\/api.w.org\/{rel}","templated":true}]}}